{"id":468,"date":"2022-10-09T19:30:40","date_gmt":"2022-10-09T22:30:40","guid":{"rendered":"https:\/\/macphone.com.br\/lp\/?page_id=468"},"modified":"2022-10-10T12:21:05","modified_gmt":"2022-10-10T15:21:05","slug":"quem-somos","status":"publish","type":"page","link":"https:\/\/macphone.com.br\/lp\/quem-somos\/","title":{"rendered":"QUEM SOMOS"},"content":{"rendered":"\n\t<section class=\"section\" id=\"section_990271654\">\n\t\t<div class=\"bg section-bg fill bg-fill  bg-loaded\" >\n\n\t\t\t\n\t\t\t\n\t\t\t\n\t<div class=\"is-border\"\n\t\tstyle=\"border-width:0px 0px 0px 0px;\">\n\t<\/div>\n\n\t\t<\/div>\n\n\t\t\n\n\t\t<div class=\"section-content relative\">\n\t\t\t\n\n<div class=\"row align-middle\"  id=\"row-1459459569\">\n\n\n\t<div id=\"col-1524695868\" class=\"col medium-5 small-12 large-5\"  >\n\t\t\t\t<div class=\"col-inner\"  >\n\t\t\t\n\t\t\t\n\n\n  <div class=\"banner has-hover has-video\" id=\"banner-716521431\">\n          <div class=\"banner-inner fill\">\n        <div class=\"banner-bg fill\" >\n            <div class=\"bg fill bg-fill \"><\/div>\n            \t<div class=\"video-overlay no-click fill hide-for-medium\"><\/div>\n\t<video class=\"video-bg fill hide-for-medium\" preload playsinline autoplay muted loop>\n\t\t<source src=\"https:\/\/macphone.com.br\/lp\/wp-content\/uploads\/2022\/10\/WhatsApp-Video-2022-10-10-at-08.53.30.mp4\" type=\"video\/mp4\">\t<\/video>\n                        \n                    <\/div>\n\t\t\n        <div class=\"banner-layers container\">\n            <div class=\"fill banner-link\"><\/div>            \n\n\n        <\/div>\n      <\/div>\n\n            \n<style>\n#banner-716521431 {\n  padding-top: 237px;\n  background-color: rgb(255, 255, 255);\n}\n#banner-716521431 .bg.bg-loaded {\n  background-image: url(https:\/\/macphone.com.br\/lp\/wp-content\/uploads\/2022\/10\/loja.png);\n}\n#banner-716521431 .bg {\n  background-position: 21% 11%;\n}\n#banner-716521431 .ux-shape-divider--top svg {\n  height: 150px;\n  --divider-top-width: 100%;\n}\n#banner-716521431 .ux-shape-divider--bottom svg {\n  height: 150px;\n  --divider-width: 100%;\n}\n@media (min-width:550px) {\n  #banner-716521431 {\n    padding-top: 667px;\n  }\n}\n<\/style>\n  <\/div>\n\n\n\n\t\t<\/div>\n\t\t\t\t\n<style>\n#col-1524695868 > .col-inner {\n  margin: 8px 0px 0px 0px;\n}\n@media (min-width:550px) {\n  #col-1524695868 > .col-inner {\n    margin: -0 0px 0px 0px;\n  }\n}\n<\/style>\n\t<\/div>\n\n\t\n\n\t<div id=\"col-1336960493\" class=\"col medium-7 small-12 large-7\"  >\n\t\t\t\t<div class=\"col-inner\"  >\n\t\t\t\n\t\t\t\n\n\t<div id=\"gap-409870007\" class=\"gap-element clearfix\" style=\"display:block; height:auto;\">\n\t\t\n<style>\n#gap-409870007 {\n  padding-top: 30px;\n}\n<\/style>\n\t<\/div>\n\t\n\n\t<div id=\"text-924233724\" class=\"text\">\n\t\t\n\n<h3>Assist\u00eancia T\u00e9cnica Especializada<\/h3>\n\t\t\n<style>\n#text-924233724 {\n  font-size: 2.5rem;\n  line-height: 1.15;\n  color: #2f4daa;\n}\n#text-924233724 > * {\n  color: #2f4daa;\n}\n<\/style>\n\t<\/div>\n\t\n<p><span style=\"color: #333333;\"><strong>Somos uma Assistencia T\u00e9cnica Especializada Apple, atendemos toda linha de aparelhos da\u00a0 Apple.<\/strong><\/span><\/p>\n<p>Atendendo a uma demanda crescente, os melhores profissionais do mercado foram contratados e um grande investimento em infraestrutura e tecnologia foi feito. Hoje a Macphone conta com a melhor infraestrutura, moderna e uma gest\u00e3o de estoque inteligente para efetuar o conserto do seu aparelho e demais servi\u00e7os de uma assist\u00eancia t\u00e9cnica especializada Apple completa.<\/p>\n<p>Somos focados sempre na solu\u00e7\u00e3o e satisfa\u00e7\u00e3o do cliente. Com transpar\u00eancia, honestidade e respeito \u00e0 urg\u00eancia de cada cliente, a Macphone garante seguran\u00e7a e agilidade sempre que voc\u00ea precisar consertar seu aparelho Apple. O resultado \u00e9 um atendimento de qualidade superior e r\u00e1pido.<\/p>\n<p>Sendo assim nos temos como objetivo construir um relacionamento a longo prazo com cada cliente e sempre com foco em melhorias no atendimento. Um bom exemplo disso \u00e9 nosso Delivery para retirada e devolu\u00e7\u00e3o do seu dispositivo Apple, garantindo assim comodidade, tranquilidade e muito mais seguran\u00e7a.<\/p>\n<p>\u00a0<\/p>\n<div class=\"row row-collapse\"  id=\"row-932694353\">\n\n\n\t<div id=\"col-47841520\" class=\"col medium-5 small-7 large-5\"  >\n\t\t\t\t<div class=\"col-inner\"  >\n\t\t\t\n\t\t\t\n\n<a href=\"https:\/\/macphone.com.br\/lp\/contatos\/\" target=\"_self\" class=\"button secondary\"  style=\"border-radius:99px;\">\n    <span>fALE CONOSCO<\/span>\n  <\/a>\n\n\n\n\t\t<\/div>\n\t\t\t\t\n<style>\n#col-47841520 > .col-inner {\n  padding: 0px 0px 0px 0px;\n  margin: 0px 0px 0px 2px;\n}\n<\/style>\n\t<\/div>\n\n\t\n\n<\/div>\n\n\t\t<\/div>\n\t\t\t\t\n<style>\n#col-1336960493 > .col-inner {\n  padding: 0px 1% 0px 1%;\n}\n@media (min-width:550px) {\n  #col-1336960493 > .col-inner {\n    padding: 0px 2% 0px 2%;\n  }\n}\n@media (min-width:850px) {\n  #col-1336960493 > .col-inner {\n    padding: 0px 0px 0px 10%;\n  }\n}\n<\/style>\n\t<\/div>\n\n\t\n\n<\/div>\n\n\t\t<\/div>\n\n\t\t\n<style>\n#section_990271654 {\n  padding-top: 30px;\n  padding-bottom: 30px;\n}\n#section_990271654 .ux-shape-divider--top svg {\n  height: 150px;\n  --divider-top-width: 100%;\n}\n#section_990271654 .ux-shape-divider--bottom svg {\n  height: 150px;\n  --divider-width: 100%;\n}\n<\/style>\n\t<\/section>\n\t\n\t<section class=\"section\" id=\"section_539107027\">\n\t\t<div class=\"bg section-bg fill bg-fill  bg-loaded\" >\n\n\t\t\t\n\t\t\t\n\t\t\t\n\n\t\t<\/div>\n\n\t\t\n\n\t\t<div class=\"section-content relative\">\n\t\t\t\n\n\t<div id=\"text-729779742\" class=\"text\">\n\t\t\n\n<h2>Nossa filosofia<\/h2>\n<p>Nosso trabalho leva em considera\u00e7\u00e3o quatro grandes pilares:<\/p>\n\t\t\n<style>\n#text-729779742 {\n  font-size: 1.55rem;\n  line-height: 1.15;\n  text-align: center;\n  color: #2f4daa;\n}\n#text-729779742 > * {\n  color: #2f4daa;\n}\n@media (min-width:550px) {\n  #text-729779742 {\n    font-size: 1.55rem;\n  }\n}\n<\/style>\n\t<\/div>\n\t\n\t<div id=\"gap-1616559916\" class=\"gap-element clearfix\" style=\"display:block; height:auto;\">\n\t\t\n<style>\n#gap-1616559916 {\n  padding-top: 18px;\n}\n@media (min-width:550px) {\n  #gap-1616559916 {\n    padding-top: 61px;\n  }\n}\n<\/style>\n\t<\/div>\n\t\n\n<div class=\"row row-solid\"  id=\"row-257987533\">\n\n\n\t<div id=\"col-1344296996\" class=\"col medium-6 small-12 large-6\"  >\n\t\t\t\t<div class=\"col-inner\"  >\n\t\t\t\n\t\t\t\n\n\n\t\t<div class=\"icon-box featured-box icon-box-center text-center\"  >\n\t\t\t\t\t<div class=\"icon-box-img\" style=\"width: 69px\">\n\t\t\t\t<div class=\"icon\">\n\t\t\t\t\t<div class=\"icon-inner\" >\n\t\t\t\t\t\t<img loading=\"lazy\" decoding=\"async\" width=\"64\" height=\"64\" src=\"https:\/\/macphone.com.br\/lp\/wp-content\/uploads\/2022\/10\/badge-with-two-ribbons-1-2.png\" class=\"attachment-medium size-medium\" alt=\"\" \/>\t\t\t\t\t<\/div>\n\t\t\t\t<\/div>\n\t\t\t<\/div>\n\t\t\t\t<div class=\"icon-box-text last-reset\">\n\t\t\t\t\t\t\t\t\t\n\n\t<div id=\"text-1314822810\" class=\"text\">\n\t\t\n\n<p>Oferecemos um atendimento primoroso, buscando sempre as melhores pr\u00e1ticas para satisfazer e superar suas necessidades;<\/p>\n\t\t\n<style>\n#text-1314822810 {\n  font-size: 1rem;\n}\n@media (min-width:550px) {\n  #text-1314822810 {\n    font-size: 1.35rem;\n  }\n}\n<\/style>\n\t<\/div>\n\t\n\n\t\t<\/div>\n\t<\/div>\n\t\n\t\n\n\t\t<\/div>\n\t\t\t\t\t<\/div>\n\n\t\n\n\t<div id=\"col-1612630978\" class=\"col medium-6 small-12 large-6\"  >\n\t\t\t\t<div class=\"col-inner\"  >\n\t\t\t\n\t\t\t\n\n\n\t\t<div class=\"icon-box featured-box icon-box-center text-center\"  >\n\t\t\t\t\t<div class=\"icon-box-img\" style=\"width: 69px\">\n\t\t\t\t<div class=\"icon\">\n\t\t\t\t\t<div class=\"icon-inner\" >\n\t\t\t\t\t\t<img loading=\"lazy\" decoding=\"async\" width=\"106\" height=\"93\" src=\"https:\/\/macphone.com.br\/lp\/wp-content\/uploads\/2022\/10\/a9fa328e-relogio-blue_102y02l000000000000028-1.png\" class=\"attachment-medium size-medium\" alt=\"\" \/>\t\t\t\t\t<\/div>\n\t\t\t\t<\/div>\n\t\t\t<\/div>\n\t\t\t\t<div class=\"icon-box-text last-reset\">\n\t\t\t\t\t\t\t\t\t\n\n\t<div id=\"text-1073651805\" class=\"text\">\n\t\t\n\n<p>Entendemos que voc\u00ea tem grande urg\u00eancia para voltar a ter o seu dispositivo. Desta forma, primamos pelo atendimento \u00e1gil, mas mantemos sempre todos os processos que garantem diagn\u00f3sticos e reparos precisos;<\/p>\n\t\t\n<style>\n#text-1073651805 {\n  font-size: 1rem;\n}\n@media (min-width:550px) {\n  #text-1073651805 {\n    font-size: 1.35rem;\n  }\n}\n<\/style>\n\t<\/div>\n\t\n\n\t\t<\/div>\n\t<\/div>\n\t\n\t\n\n\t\t<\/div>\n\t\t\t\t\t<\/div>\n\n\t\n\n\t<div id=\"col-196643818\" class=\"col medium-6 small-12 large-6\"  >\n\t\t\t\t<div class=\"col-inner\"  >\n\t\t\t\n\t\t\t\n\n\n\t\t<div class=\"icon-box featured-box icon-box-center text-center\"  >\n\t\t\t\t\t<div class=\"icon-box-img\" style=\"width: 50px\">\n\t\t\t\t<div class=\"icon\">\n\t\t\t\t\t<div class=\"icon-inner\" >\n\t\t\t\t\t\t<img loading=\"lazy\" decoding=\"async\" width=\"78\" height=\"95\" src=\"https:\/\/macphone.com.br\/lp\/wp-content\/uploads\/2022\/10\/97d67ae1-seguranca-cadeado-blue_102602n000000000000028.png\" class=\"attachment-medium size-medium\" alt=\"\" \/>\t\t\t\t\t<\/div>\n\t\t\t\t<\/div>\n\t\t\t<\/div>\n\t\t\t\t<div class=\"icon-box-text last-reset\">\n\t\t\t\t\t\t\t\t\t\n\n\t<div id=\"text-897037067\" class=\"text\">\n\t\t\n\n<p>Protegemos e preservamos sua privacidade, suas informa\u00e7\u00f5es e os dados que est\u00e3o no seu aparelho, sob quaisquer circunst\u00e2ncias;<\/p>\n\t\t\n<style>\n#text-897037067 {\n  font-size: 1rem;\n}\n@media (min-width:550px) {\n  #text-897037067 {\n    font-size: 1.35rem;\n  }\n}\n<\/style>\n\t<\/div>\n\t\n\n\t\t<\/div>\n\t<\/div>\n\t\n\t\n\n\t\t<\/div>\n\t\t\t\t\t<\/div>\n\n\t\n\n\t<div id=\"col-1699401939\" class=\"col medium-6 small-12 large-6\"  >\n\t\t\t\t<div class=\"col-inner\"  >\n\t\t\t\n\t\t\t\n\n\n\t\t<div class=\"icon-box featured-box icon-box-center text-center\"  >\n\t\t\t\t\t<div class=\"icon-box-img\" style=\"width: 160px\">\n\t\t\t\t<div class=\"icon\">\n\t\t\t\t\t<div class=\"icon-inner\" >\n\t\t\t\t\t\t<img loading=\"lazy\" decoding=\"async\" width=\"173\" height=\"68\" src=\"https:\/\/macphone.com.br\/lp\/wp-content\/uploads\/2022\/10\/4b67f08c-entrega-caminhao-blue_104t01w000000000000028.png\" class=\"attachment-medium size-medium\" alt=\"\" \/>\t\t\t\t\t<\/div>\n\t\t\t\t<\/div>\n\t\t\t<\/div>\n\t\t\t\t<div class=\"icon-box-text last-reset\">\n\t\t\t\t\t\t\t\t\t\n\n\t<div id=\"text-1376289014\" class=\"text\">\n\t\t\n\n<p>Sempre oferecemos comodidade, atrav\u00e9s do delivery, ou at\u00e9 oferecendo o reparo do aparelho em sua casa ou trabalho.<\/p>\n\t\t\n<style>\n#text-1376289014 {\n  font-size: 1rem;\n}\n@media (min-width:550px) {\n  #text-1376289014 {\n    font-size: 1.35rem;\n  }\n}\n<\/style>\n\t<\/div>\n\t\n\n\t\t<\/div>\n\t<\/div>\n\t\n\t\n\n\t\t<\/div>\n\t\t\t\t\t<\/div>\n\n\t\n\n\n<style>\n#row-257987533 > .col > .col-inner {\n  padding: 20px 20px 20px 20px;\n}\n<\/style>\n<\/div>\n\n\t\t<\/div>\n\n\t\t\n<style>\n#section_539107027 {\n  padding-top: 30px;\n  padding-bottom: 30px;\n}\n#section_539107027 .ux-shape-divider--top svg {\n  height: 150px;\n  --divider-top-width: 100%;\n}\n#section_539107027 .ux-shape-divider--bottom svg {\n  height: 150px;\n  --divider-width: 100%;\n}\n<\/style>\n\t<\/section>\n\t\n<div class=\"row row-collapse row-full-width align-equal\"  id=\"row-1472996724\">\n\n\n\t<div id=\"col-1760586303\" class=\"col medium-7 small-12 large-6\"  >\n\t\t\t\t<div class=\"col-inner\"  >\n\t\t\t\n\t\t\t\n\n\t<section class=\"section dark\" id=\"section_436275813\">\n\t\t<div class=\"bg section-bg fill bg-fill  bg-loaded\" >\n\n\t\t\t\n\t\t\t\n\t\t\t\n\n\t\t<\/div>\n\n\t\t\n\n\t\t<div class=\"section-content relative\">\n\t\t\t\n\n<div class=\"row\"  id=\"row-1483155668\">\n\n\n\t<div id=\"col-900166516\" class=\"col medium-12 small-12 large-12\"  >\n\t\t\t\t<div class=\"col-inner\"  >\n\t\t\t\n\t\t\t\n\n\t<div id=\"gap-2029967145\" class=\"gap-element clearfix\" style=\"display:block; height:auto;\">\n\t\t\n<style>\n#gap-2029967145 {\n  padding-top: 30px;\n}\n<\/style>\n\t<\/div>\n\t\n\n\t<div id=\"text-667900008\" class=\"text\">\n\t\t\n\n<h3 class=\"uppercase\">SEU MAC AT\u00c9<\/h3>\n\t\t\n<style>\n#text-667900008 {\n  font-size: 1.25rem;\n  line-height: 1.25;\n}\n<\/style>\n\t<\/div>\n\t\n<div class=\"is-divider divider clearfix\" style=\"margin-top:1.6em;margin-bottom:1.6em;max-width:150px;background-color:rgb(255, 255, 255);\"><\/div>\n\n\t<div id=\"text-1593931820\" class=\"text\">\n\t\t\n\n<h3>10x mais R\u00e1pido<\/h3>\n\t\t\n<style>\n#text-1593931820 {\n  font-size: 4rem;\n  line-height: 1;\n}\n<\/style>\n\t<\/div>\n\t\n\t<div id=\"stack-440894376\" class=\"stack stack-row justify-start items-stretch sm:stack-col\">\n\t\t\n\n<a href=\"https:\/\/macphone.com.br\/lp\/orcamento-2\/\" target=\"_self\" class=\"button white\"  style=\"border-radius:99px;padding:8px 20px 8px 20px;\">\n    <span>solicitar or\u00e7amento<\/span>\n  <\/a>\n\n\n\n\t\t\n<style>\n#stack-440894376 > * {\n  --stack-gap: 0.5rem;\n}\n<\/style>\n\t<\/div>\n\t\n\n\t\t<\/div>\n\t\t\t\t\n<style>\n#col-900166516 > .col-inner {\n  padding: 0px 0px 0px 0;\n}\n@media (min-width:850px) {\n  #col-900166516 > .col-inner {\n    padding: 0px 0px 0px 34%;\n  }\n}\n<\/style>\n\t<\/div>\n\n\t\n\n<\/div>\n\n\t\t<\/div>\n\n\t\t\n<style>\n#section_436275813 {\n  padding-top: 30px;\n  padding-bottom: 30px;\n  min-height: 300px;\n  background-color: #2f4daa;\n}\n#section_436275813 .ux-shape-divider--top svg {\n  height: 150px;\n  --divider-top-width: 100%;\n}\n#section_436275813 .ux-shape-divider--bottom svg {\n  height: 150px;\n  --divider-width: 100%;\n}\n@media (min-width:550px) {\n  #section_436275813 {\n    min-height: 400px;\n  }\n}\n@media (min-width:850px) {\n  #section_436275813 {\n    min-height: 500px;\n  }\n}\n<\/style>\n\t<\/section>\n\t\n\n\t\t<\/div>\n\t\t\t\t\t<\/div>\n\n\t\n\n\t<div id=\"col-1718561576\" class=\"col medium-5 small-12 large-6 small-col-first\"  >\n\t\t\t\t<div class=\"col-inner\"  >\n\t\t\t\n\t\t\t\n\n\n  <div class=\"banner has-hover\" id=\"banner-1537323646\">\n          <div class=\"banner-inner fill\">\n        <div class=\"banner-bg fill\" >\n            <div class=\"bg fill bg-fill \"><\/div>\n                                    \n                    <\/div>\n\t\t\n        <div class=\"banner-layers container\">\n            <div class=\"fill banner-link\"><\/div>            \n\n   <div id=\"text-box-1421371123\" class=\"text-box banner-layer x50 md-x50 lg-x50 y50 md-y50 lg-y50 res-text\">\n                                <div class=\"text-box-content text dark\">\n              \n              <div class=\"text-inner text-center\">\n                  \n\n\n              <\/div>\n           <\/div>\n                            \n<style>\n#text-box-1421371123 {\n  width: 60%;\n}\n#text-box-1421371123 .text-box-content {\n  font-size: 100%;\n}\n<\/style>\n    <\/div>\n \n\n        <\/div>\n      <\/div>\n\n            \n<style>\n#banner-1537323646 {\n  padding-top: 216px;\n  background-color: rgba(255, 255, 255, 0);\n}\n#banner-1537323646 .bg.bg-loaded {\n  background-image: url(https:\/\/macphone.com.br\/lp\/wp-content\/uploads\/2022\/10\/consertar-notebook-em-brasilia-vale-a-pena.jpg);\n}\n#banner-1537323646 .bg {\n  background-position: 60% 66%;\n}\n#banner-1537323646 .ux-shape-divider--top svg {\n  height: 150px;\n  --divider-top-width: 100%;\n}\n#banner-1537323646 .ux-shape-divider--bottom svg {\n  height: 150px;\n  --divider-width: 100%;\n}\n@media (min-width:550px) {\n  #banner-1537323646 {\n    padding-top: 400px;\n  }\n}\n@media (min-width:850px) {\n  #banner-1537323646 {\n    padding-top: 500px;\n  }\n}\n<\/style>\n  <\/div>\n\n\n\n\t\t<\/div>\n\t\t\t\t\t<\/div>\n\n\t\n\n<\/div>\n\n","protected":false},"excerpt":{"rendered":"","protected":false},"author":1,"featured_media":0,"parent":0,"menu_order":0,"comment_status":"closed","ping_status":"closed","template":"page-blank.php","meta":{"footnotes":""},"class_list":["post-468","page","type-page","status-publish","hentry"],"_links":{"self":[{"href":"https:\/\/macphone.com.br\/lp\/wp-json\/wp\/v2\/pages\/468","targetHints":{"allow":["GET"]}}],"collection":[{"href":"https:\/\/macphone.com.br\/lp\/wp-json\/wp\/v2\/pages"}],"about":[{"href":"https:\/\/macphone.com.br\/lp\/wp-json\/wp\/v2\/types\/page"}],"author":[{"embeddable":true,"href":"https:\/\/macphone.com.br\/lp\/wp-json\/wp\/v2\/users\/1"}],"replies":[{"embeddable":true,"href":"https:\/\/macphone.com.br\/lp\/wp-json\/wp\/v2\/comments?post=468"}],"version-history":[{"count":30,"href":"https:\/\/macphone.com.br\/lp\/wp-json\/wp\/v2\/pages\/468\/revisions"}],"predecessor-version":[{"id":562,"href":"https:\/\/macphone.com.br\/lp\/wp-json\/wp\/v2\/pages\/468\/revisions\/562"}],"wp:attachment":[{"href":"https:\/\/macphone.com.br\/lp\/wp-json\/wp\/v2\/media?parent=468"}],"curies":[{"name":"wp","href":"https:\/\/api.w.org\/{rel}","templated":true}]}}